{"id":23,"date":"2013-08-25T09:54:10","date_gmt":"2013-08-25T09:54:10","guid":{"rendered":"http:\/\/ansvar.ch\/wordpress\/?page_id=23"},"modified":"2013-09-01T07:31:42","modified_gmt":"2013-09-01T07:31:42","slug":"hintergrund","status":"publish","type":"page","link":"https:\/\/ansvar.ch\/?page_id=23","title":{"rendered":"hintergrund"},"content":{"rendered":"<p>das junge modelabel anSvar ist von der winterthurerin gabriela m\u00fcller gegr\u00fcndet worden. die 1978 geborene designerin absolvierte nach der matura und verschiedenen praktika in schneider- und modedesignateliers, sowie in einem architekturb\u00fcro die &#8216;mode design schule z\u00fcrich&#8217; und schloss 2003 mit erfolgreich bestandenem diplom ab. nach l\u00e4ngj\u00e4hriger erfahrung als selbst\u00e4ndige modedesignerin in der couture und sp\u00e4ter in der industrie, gibt sie ihr dadurch erworbenes wissen heute in diversen n\u00e4hkursen und beim unterrichten von kindern und jugendlichen weiter.<\/p>\n<p>der name anSvar entstammt \u00fcbrigens dem norwegischen und bedeutet verantwortung. qualitativ hochwertige materialien und eigenst\u00e4ndige schnitte zeichnen das schaffen der designerin aus.<\/p>\n","protected":false},"excerpt":{"rendered":"<p>das junge modelabel anSvar ist von der winterthurerin gabriela m\u00fcller gegr\u00fcndet worden. die 1978 geborene designerin absolvierte nach der matura und verschiedenen praktika in schneider- und modedesignateliers, sowie in einem architekturb\u00fcro die &#8216;mode design schule z\u00fcrich&#8217; und schloss 2003 mit&hellip; <a href=\"https:\/\/ansvar.ch\/?page_id=23\" class=\"more-link\">Continue Reading <span class=\"meta-nav\">&rarr;<\/span><\/a><\/p>\n","protected":false},"author":1,"featured_media":0,"parent":0,"menu_order":0,"comment_status":"closed","ping_status":"closed","template":"","meta":{"footnotes":""},"_links":{"self":[{"href":"https:\/\/ansvar.ch\/index.php?rest_route=\/wp\/v2\/pages\/23"}],"collection":[{"href":"https:\/\/ansvar.ch\/index.php?rest_route=\/wp\/v2\/pages"}],"about":[{"href":"https:\/\/ansvar.ch\/index.php?rest_route=\/wp\/v2\/types\/page"}],"author":[{"embeddable":true,"href":"https:\/\/ansvar.ch\/index.php?rest_route=\/wp\/v2\/users\/1"}],"replies":[{"embeddable":true,"href":"https:\/\/ansvar.ch\/index.php?rest_route=%2Fwp%2Fv2%2Fcomments&post=23"}],"version-history":[{"count":6,"href":"https:\/\/ansvar.ch\/index.php?rest_route=\/wp\/v2\/pages\/23\/revisions"}],"predecessor-version":[{"id":167,"href":"https:\/\/ansvar.ch\/index.php?rest_route=\/wp\/v2\/pages\/23\/revisions\/167"}],"wp:attachment":[{"href":"https:\/\/ansvar.ch\/index.php?rest_route=%2Fwp%2Fv2%2Fmedia&parent=23"}],"curies":[{"name":"wp","href":"https:\/\/api.w.org\/{rel}","templated":true}]}}