{"id":46,"date":"2013-08-25T10:17:46","date_gmt":"2013-08-25T10:17:46","guid":{"rendered":"http:\/\/ansvar.ch\/wordpress\/?page_id=46"},"modified":"2013-09-01T07:31:28","modified_gmt":"2013-09-01T07:31:28","slug":"home-2","status":"publish","type":"page","link":"https:\/\/ansvar.ch\/","title":{"rendered":"home"},"content":{"rendered":"<p>planen sie ein n\u00e4hprojekt und brauchen unterst\u00fctzung? gerne berate ich sie dabei!<\/p>\n<p>planen sie einen n\u00e4hkurs und brauchen eine kursleitung? gerne nehme ich die f\u00e4den in die hand!<\/p>\n<p>f\u00fcr fragen und weitere ausk\u00fcnfte kontaktieren sie mich bitte per <a title=\"Kontakt\" href=\"http:\/\/ansvar.ch\/?page_id=16\">kontaktformular<\/a>.<\/p>\n","protected":false},"excerpt":{"rendered":"<p>planen sie ein n\u00e4hprojekt und brauchen unterst\u00fctzung? gerne berate ich sie dabei! planen sie einen n\u00e4hkurs und brauchen eine kursleitung? gerne nehme ich die f\u00e4den in die hand! f\u00fcr fragen und weitere ausk\u00fcnfte kontaktieren sie mich bitte per kontaktformular.<\/p>\n","protected":false},"author":1,"featured_media":0,"parent":0,"menu_order":0,"comment_status":"closed","ping_status":"closed","template":"","meta":{"footnotes":""},"_links":{"self":[{"href":"https:\/\/ansvar.ch\/index.php?rest_route=\/wp\/v2\/pages\/46"}],"collection":[{"href":"https:\/\/ansvar.ch\/index.php?rest_route=\/wp\/v2\/pages"}],"about":[{"href":"https:\/\/ansvar.ch\/index.php?rest_route=\/wp\/v2\/types\/page"}],"author":[{"embeddable":true,"href":"https:\/\/ansvar.ch\/index.php?rest_route=\/wp\/v2\/users\/1"}],"replies":[{"embeddable":true,"href":"https:\/\/ansvar.ch\/index.php?rest_route=%2Fwp%2Fv2%2Fcomments&post=46"}],"version-history":[{"count":6,"href":"https:\/\/ansvar.ch\/index.php?rest_route=\/wp\/v2\/pages\/46\/revisions"}],"predecessor-version":[{"id":166,"href":"https:\/\/ansvar.ch\/index.php?rest_route=\/wp\/v2\/pages\/46\/revisions\/166"}],"wp:attachment":[{"href":"https:\/\/ansvar.ch\/index.php?rest_route=%2Fwp%2Fv2%2Fmedia&parent=46"}],"curies":[{"name":"wp","href":"https:\/\/api.w.org\/{rel}","templated":true}]}}